{"id":165,"date":"2017-12-04T13:36:59","date_gmt":"2017-12-04T12:36:59","guid":{"rendered":"http:\/\/keravazy.com\/wordpress\/?page_id=165"},"modified":"2017-12-04T18:59:13","modified_gmt":"2017-12-04T17:59:13","slug":"cz","status":"publish","type":"page","link":"https:\/\/keravazy.com\/wordpress\/cz\/","title":{"rendered":"CZ"},"content":{"rendered":"<div class=\"parastyle1\">Na\u0161e d\u00edlna, zalo\u017een\u00e1 v roce 1994\u00a0za \u00fa\u010delem v\u00fdroby um\u011bleck\u00e9 zahradn\u00ed keramiky, byla d\u0159\u00edve d\u00edlnou na v\u00fdrobu pol\u00e9van\u00e9ho n\u00e1dob\u00ed. Dnes zvl\u00e1d\u00e1me cel\u00fd proces v\u00fdroby keramiky,\u00a0<span class=\"iltextstyle2\">z\u00edsk\u00e1v\u00e1n\u00ed a zpracov\u00e1n\u00ed hl\u00edny, tvarov\u00e1n\u00ed a zdoben\u00ed podle star\u00fdch\u00a0<\/span>postup\u00f9, tvorbu sv\u00fdch vlastn\u00edch model\u00f9. Na\u0161e kolekce je inspirov\u00e1na barvami a vzory z\u00a0<span class=\"iltextstyle2\">Provence<\/span>, k t\u00e9to volb\u011b jist\u00ec p\u0159isp\u011blo 30 let, kter\u00e9 jsme tam str\u00e1vili. D\u00edky jej\u00ed jasn\u00e9 barevnosti (p\u0159\u00edrodn\u00ed p\u00e1len\u00e1 hl\u00edna) a d\u00edky r\u00f9znorod\u00e9 form\u011b m\u00f9\u017eete v na\u0161\u00ed keramice, ur\u010den\u00e9 jak pro zahrady, tak pro interi\u00e9ry, objevit vzor, kter\u00fd bude v\u00fdborn\u011b ladit s va\u0161\u00edm dekora\u010dn\u00edm z\u00e1m\u011brem v prost\u0159ed\u00ed, kter\u00e9 vytv\u00e1\u0159\u00edte. I kdy\u017e na\u0161e d\u00edlna je zam\u011b\u0159ena um\u011blecky, jsme schopni rychle vytvo\u0159it i velmi specifick\u00fd model (rozm\u011bry, dekor, proveden\u00ed) u model\u00f9 v\u011bt\u0161\u00edch s\u00e9ri\u00ed.<\/div>\n","protected":false},"excerpt":{"rendered":"<p>Na\u0161e d\u00edlna, zalo\u017een\u00e1 v roce 1994\u00a0za \u00fa\u010delem v\u00fdroby um\u011bleck\u00e9 zahradn\u00ed keramiky, byla d\u0159\u00edve d\u00edlnou na v\u00fdrobu pol\u00e9van\u00e9ho n\u00e1dob\u00ed. Dnes zvl\u00e1d\u00e1me cel\u00fd proces v\u00fdroby keramiky,\u00a0z\u00edsk\u00e1v\u00e1n\u00ed a zpracov\u00e1n\u00ed hl\u00edny, tvarov\u00e1n\u00ed a zdoben\u00ed podle star\u00fdch\u00a0postup\u00f9, tvorbu sv\u00fdch vlastn\u00edch model\u00f9. Na\u0161e kolekce je inspirov\u00e1na barvami a vzory z\u00a0Provence, k t\u00e9to volb\u011b jist\u00ec p\u0159isp\u011blo 30 let, kter\u00e9 jsme tam str\u00e1vili. &hellip; <\/p>\n<p class=\"link-more\"><a href=\"https:\/\/keravazy.com\/wordpress\/cz\/\" class=\"more-link\">Continuer la lecture<span class=\"screen-reader-text\"> de &laquo;&nbsp;CZ&nbsp;&raquo;<\/span><\/a><\/p>\n","protected":false},"author":1,"featured_media":0,"parent":0,"menu_order":0,"comment_status":"closed","ping_status":"closed","template":"","meta":[],"_links":{"self":[{"href":"https:\/\/keravazy.com\/wordpress\/wp-json\/wp\/v2\/pages\/165"}],"collection":[{"href":"https:\/\/keravazy.com\/wordpress\/wp-json\/wp\/v2\/pages"}],"about":[{"href":"https:\/\/keravazy.com\/wordpress\/wp-json\/wp\/v2\/types\/page"}],"author":[{"embeddable":true,"href":"https:\/\/keravazy.com\/wordpress\/wp-json\/wp\/v2\/users\/1"}],"replies":[{"embeddable":true,"href":"https:\/\/keravazy.com\/wordpress\/wp-json\/wp\/v2\/comments?post=165"}],"version-history":[{"count":6,"href":"https:\/\/keravazy.com\/wordpress\/wp-json\/wp\/v2\/pages\/165\/revisions"}],"predecessor-version":[{"id":215,"href":"https:\/\/keravazy.com\/wordpress\/wp-json\/wp\/v2\/pages\/165\/revisions\/215"}],"wp:attachment":[{"href":"https:\/\/keravazy.com\/wordpress\/wp-json\/wp\/v2\/media?parent=165"}],"curies":[{"name":"wp","href":"https:\/\/api.w.org\/{rel}","templated":true}]}}